{"id":16299,"date":"2023-01-17T13:24:26","date_gmt":"2023-01-17T13:24:26","guid":{"rendered":"https:\/\/opticayaudicion.com\/?page_id=16299"},"modified":"2023-01-18T07:23:15","modified_gmt":"2023-01-18T07:23:15","slug":"politica-de-privacidad-y-cookies","status":"publish","type":"page","link":"https:\/\/opticayaudicion.com\/index.php\/politica-de-privacidad-y-cookies\/","title":{"rendered":"Pol\u00edtica de Privacidad y Cookies"},"content":{"rendered":"\t\t<div data-elementor-type=\"wp-page\" data-elementor-id=\"16299\" class=\"elementor elementor-16299\">\n\t\t\t\t\t\t\t\t\t<section class=\"elementor-section elementor-top-section elementor-element elementor-element-c16dac2 elementor-section-boxed elementor-section-height-default elementor-section-height-default\" data-id=\"c16dac2\" data-element_type=\"section\">\n\t\t\t\t\t\t<div class=\"elementor-container elementor-column-gap-default\">\n\t\t\t\t\t<div class=\"elementor-column elementor-col-100 elementor-top-column elementor-element elementor-element-4b6d243\" data-id=\"4b6d243\" data-element_type=\"column\">\n\t\t\t<div class=\"elementor-widget-wrap elementor-element-populated\">\n\t\t\t\t\t\t\t\t<div class=\"elementor-element elementor-element-8683b6e elementor-widget elementor-widget-text-editor\" data-id=\"8683b6e\" data-element_type=\"widget\" data-widget_type=\"text-editor.default\">\n\t\t\t\t<div class=\"elementor-widget-container\">\n\t\t\t<style>\/*! elementor - v3.10.2 - 29-01-2023 *\/\n.elementor-widget-text-editor.elementor-drop-cap-view-stacked .elementor-drop-cap{background-color:#818a91;color:#fff}.elementor-widget-text-editor.elementor-drop-cap-view-framed .elementor-drop-cap{color:#818a91;border:3px solid;background-color:transparent}.elementor-widget-text-editor:not(.elementor-drop-cap-view-default) .elementor-drop-cap{margin-top:8px}.elementor-widget-text-editor:not(.elementor-drop-cap-view-default) .elementor-drop-cap-letter{width:1em;height:1em}.elementor-widget-text-editor .elementor-drop-cap{float:left;text-align:center;line-height:1;font-size:50px}.elementor-widget-text-editor .elementor-drop-cap-letter{display:inline-block}<\/style>\t\t\t\t<h4><strong><span style=\"color: #99ccff;\">PROPIEDAD INDUSTRIAL<\/span><\/strong><\/h4><p>El logotipo y la denominaci\u00f3n \u00abAUDITE CENTRUM\u00bb, as\u00ed como otros signos distintivos (gr\u00e1ficos o denominativos), que aparecen en esta Web son propiedad exclusiva de AUDITE CENTRUM O.E, de tal forma que es esta entidad la \u00fanica autorizada a utilizarlos.<\/p><h4><span style=\"color: #99ccff;\"><strong>NOMBRE DE DOMINIO<\/strong><\/span><\/h4><p>De igual forma a lo rese\u00f1ado en los p\u00e1rrafos anteriores, los nombres de dominio \u00abwww.opticayaudicionvalencia\u00bb y todos aquellos que sirvan para acceder al presente sitio son de titularidad exclusiva de Audite Centrum O.E. El uso indebido de los mismos supondr\u00eda una infracci\u00f3n de los derechos adquiridos por su registro y ser\u00e1 perseguido por los medios previstos en la Ley.<\/p><h4><span style=\"color: #99ccff;\"><strong>USO PERSONAL<\/strong><\/span><\/h4><p>El usuario queda expresamente autorizado por Audite Centrum O.E a visualizar, imprimir, copiar o almacenar en su disco duro o cualquier otro soporte f\u00edsico, los contenidos y activos amparados o no por un derecho de exclusiva (a excepci\u00f3n de los programas de ordenador), siempre que \u00e9sta actuaci\u00f3n se efect\u00fae para el uso personal y privado del usuario, sin finalidad comercial o de distribuci\u00f3n y sin modificar, alterar o descompilar los antedichos derechos y contenidos. Esta licencia de uso personal se entiende efectuada siempre y cuando se respeten intactas las advertencias a los derechos de autor y de propiedad industrial que se realizan, sin que esto signifique la concesi\u00f3n de licencia alguna al usuario.<\/p><p>Cualquier otro uso de los contenidos o creaciones intelectuales de este sitio requerir\u00e1 la autorizaci\u00f3n expresa y por escrito de Audite Centrum O.E.<\/p><h4><span style=\"color: #99ccff;\"><strong>RESERVA DE ACCIONES LEGALES<\/strong><\/span><\/h4><p>Audite Centrum O.E se reserva en todo momento el ejercicio de cuantos medios o acciones legales le correspondan en defensa de sus leg\u00edtimos derechos de propiedad intelectual e industrial frente a un uso no autorizado de los mismos o a cualquier actuaci\u00f3n que pudiera perjudicarlos.<\/p><h4><span style=\"color: #99ccff;\"><strong>COOKIES<\/strong><\/span><\/h4><p>Las <strong>cookies<\/strong> (persistentes) son archivos de texto que se almacenan en el disco duro del ordenador del usuario hasta que expiran (las cookies persistentes son creadas con fechas de expiraci\u00f3n) o hasta que el propio usuario las borra. Las cookies no permiten la identificaci\u00f3n inequ\u00edvoca del ordenador del usuario, sin embargo, pueden ser utilizadas para obtener cierta informaci\u00f3n acerca del mismo.<\/p><p>La gran mayor\u00eda de los navegadores aceptan el uso de cookies de manera autom\u00e1tica, sin embargo, esta opci\u00f3n puede ser deshabilitada por el usuario cambiando la configuraci\u00f3n de su navegador.<\/p><h4><span style=\"color: #99ccff;\"><strong>ENLACES<\/strong><\/span><\/h4><p>Los enlaces con los que el usuario pueda encontrarse durante la navegaci\u00f3n en este sitio Web le permiten abandonar este sitio.<\/p><p>Los sitios enlazados no est\u00e1n relacionados, salvo indicaci\u00f3n de lo contrario, con Audite Centrum O.E, quien no se hace responsable de los contenidos a los que se acceda en virtud de los mencionados enlaces, ni de las modificaciones que se lleven a cabo en los mismos, ni del uso que de aquellos se realice, ni de la disponibilidad t\u00e9cnica de los mismos.<\/p><p>En cualquier caso, Audite Centrum O.E se compromete a hacer todo lo posible para evitar la existencia en su sitio Web de enlaces a p\u00e1ginas de contenido ilegal, que promuevan actividades il\u00edcitas, racistas, xen\u00f3fobas y, en general, susceptibles de atentar contra los principios de libertad y de dignidad humana o vulneren los valores y derechos reconocidos por la Constituci\u00f3n Espa\u00f1ola y por la Declaraci\u00f3n Universal de los Derechos Humanos.<\/p><p>En el supuesto de que alg\u00fan usuario estimase que alg\u00fan enlace incluido el Sitio Web menoscaba en cualquier forma sus derechos o si le supone el m\u00e1s m\u00ednimo perjuicio, tan s\u00f3lo debe comunicarlo mediante el formulario de contacto de la web , teniendo la confianza de que se tomar\u00e1n las medidas oportunas al respecto.<\/p><h4><span style=\"color: #99ccff;\"><strong>EXENCI\u00d3N DE RESPONSABILIDAD<\/strong><\/span><\/h4><p>Aunque Audite Centrum O.E intentar\u00e1 proporcionar a los usuarios de este sitio toda la informaci\u00f3n de la forma m\u00e1s completa, exacta y actualizada posible, no garantiza la exactitud, actualizaci\u00f3n y operatividad de sus acciones.<\/p><h4><span style=\"color: #99ccff;\"><strong>PROTECCI\u00d3N DE DATOS (L.O.P.D.)<\/strong><\/span><\/h4><p>Audite Centrum O.E\u00a0\u00a0pone en conocimiento de los usuarios de este sitio Web, que podr\u00e1 crear un archivo automatizado con los datos personales que sean puestos en conocimiento del referido titular, como consecuencia de la utilizaci\u00f3n de la presente Web y a causa de env\u00edos de correos electr\u00f3nicos, o bien sobre aquellos recabados a trav\u00e9s de nuestro formulario de contacto, en estricto cumplimiento con lo preceptuado por la legislaci\u00f3n en materia de protecci\u00f3n de datos.<\/p><p>En cumplimiento de lo dispuesto en la Ley Org\u00e1nica 15\/1999, de 13 de diciembre, de Protecci\u00f3n de Datos de Car\u00e1cter Personal, los usuarios podr\u00e1n ejercitar, en cualquier momento, los derechos de acceso, rectificaci\u00f3n, oposici\u00f3n y cancelaci\u00f3n de sus datos, que hubiesen sido recopilados y archivados. El ejercicio de estos derechos deber\u00e1 efectuarse mediante comunicaci\u00f3n escrita dirigida a la sede social de Audite Centrum O.E\u00a0\u00a0 o a la direcci\u00f3n de correo electr\u00f3nico auditecentrum@gmail.com, indicando, en cualquiera de los casos, como referencia \u00abDatos Personales\u00bb y el referido derecho que pretendan accionar, adjuntando copia de su Documento Nacional de Identidad.<\/p><p>Los datos registrados podr\u00edan ser utilizados con la finalidad prestarle y\/o ofrecerle nuestros servicios, de efectuar estad\u00edsticas, la remisi\u00f3n de publicidad \u2013 incluso por medios electr\u00f3nicos -, la gesti\u00f3n de incidencias o la realizaci\u00f3n de estudios de mercado, entre otras actividades. En su caso, los datos de car\u00e1cter personal facilitados por los usuarios podr\u00e1n ser comunicados a un tercero s\u00f3lo para el cumplimiento de los fines se\u00f1alados anteriormente y previo consentimiento de los interesados, que se entender\u00e1 otorgado si nada manifiestan al contrario en el plazo de quince d\u00edas desde que facilitaran sus datos. En cualquier caso, el se\u00f1alado consentimiento podr\u00e1 ser revocable en cualquier momento mediante comunicaci\u00f3n escrita dirigida a la sede social del titular, indicando como referencia \u00abBaja Datos Personales\u00bb.<\/p>\t\t\t\t\t\t<\/div>\n\t\t\t\t<\/div>\n\t\t\t\t\t<\/div>\n\t\t<\/div>\n\t\t\t\t\t\t\t<\/div>\n\t\t<\/section>\n\t\t\t\t\t\t\t<\/div>\n\t\t","protected":false},"excerpt":{"rendered":"<p>PROPIEDAD INDUSTRIAL El logotipo y la denominaci\u00f3n \u00abAUDITE CENTRUM\u00bb, as\u00ed como otros signos distintivos (gr\u00e1ficos o denominativos), que aparecen en esta Web son propiedad exclusiva de AUDITE CENTRUM O.E, de tal forma que es esta entidad la \u00fanica autorizada a utilizarlos. NOMBRE DE DOMINIO De igual forma a lo rese\u00f1ado en los p\u00e1rrafos anteriores, los [&hellip;]<\/p>\n","protected":false},"author":1,"featured_media":0,"parent":0,"menu_order":0,"comment_status":"closed","ping_status":"closed","template":"","meta":{"footnotes":""},"class_list":["post-16299","page","type-page","status-publish","hentry"],"_links":{"self":[{"href":"https:\/\/opticayaudicion.com\/index.php\/wp-json\/wp\/v2\/pages\/16299","targetHints":{"allow":["GET"]}}],"collection":[{"href":"https:\/\/opticayaudicion.com\/index.php\/wp-json\/wp\/v2\/pages"}],"about":[{"href":"https:\/\/opticayaudicion.com\/index.php\/wp-json\/wp\/v2\/types\/page"}],"author":[{"embeddable":true,"href":"https:\/\/opticayaudicion.com\/index.php\/wp-json\/wp\/v2\/users\/1"}],"replies":[{"embeddable":true,"href":"https:\/\/opticayaudicion.com\/index.php\/wp-json\/wp\/v2\/comments?post=16299"}],"version-history":[{"count":17,"href":"https:\/\/opticayaudicion.com\/index.php\/wp-json\/wp\/v2\/pages\/16299\/revisions"}],"predecessor-version":[{"id":16360,"href":"https:\/\/opticayaudicion.com\/index.php\/wp-json\/wp\/v2\/pages\/16299\/revisions\/16360"}],"wp:attachment":[{"href":"https:\/\/opticayaudicion.com\/index.php\/wp-json\/wp\/v2\/media?parent=16299"}],"curies":[{"name":"wp","href":"https:\/\/api.w.org\/{rel}","templated":true}]}}