{"id":16300,"date":"2023-01-17T13:24:26","date_gmt":"2023-01-17T13:24:26","guid":{"rendered":"https:\/\/opticayaudicion.com\/?page_id=16300"},"modified":"2023-02-03T17:04:46","modified_gmt":"2023-02-03T17:04:46","slug":"condiciones-de-venta","status":"publish","type":"page","link":"https:\/\/opticayaudicion.com\/index.php\/condiciones-de-venta\/","title":{"rendered":"Pol\u00edtica de venta y cancelaci\u00f3n"},"content":{"rendered":"\t\t<div data-elementor-type=\"wp-page\" data-elementor-id=\"16300\" class=\"elementor elementor-16300\">\n\t\t\t\t\t\t\t\t\t<section class=\"elementor-section elementor-top-section elementor-element elementor-element-c05925c elementor-section-boxed elementor-section-height-default elementor-section-height-default\" data-id=\"c05925c\" data-element_type=\"section\">\n\t\t\t\t\t\t<div class=\"elementor-container elementor-column-gap-default\">\n\t\t\t\t\t<div class=\"elementor-column elementor-col-100 elementor-top-column elementor-element elementor-element-73f1416\" data-id=\"73f1416\" data-element_type=\"column\">\n\t\t\t<div class=\"elementor-widget-wrap elementor-element-populated\">\n\t\t\t\t\t\t\t\t<div class=\"elementor-element elementor-element-8cfdd23 elementor-widget elementor-widget-text-editor\" data-id=\"8cfdd23\" data-element_type=\"widget\" data-widget_type=\"text-editor.default\">\n\t\t\t\t<div class=\"elementor-widget-container\">\n\t\t\t<style>\/*! elementor - v3.10.2 - 29-01-2023 *\/\n.elementor-widget-text-editor.elementor-drop-cap-view-stacked .elementor-drop-cap{background-color:#818a91;color:#fff}.elementor-widget-text-editor.elementor-drop-cap-view-framed .elementor-drop-cap{color:#818a91;border:3px solid;background-color:transparent}.elementor-widget-text-editor:not(.elementor-drop-cap-view-default) .elementor-drop-cap{margin-top:8px}.elementor-widget-text-editor:not(.elementor-drop-cap-view-default) .elementor-drop-cap-letter{width:1em;height:1em}.elementor-widget-text-editor .elementor-drop-cap{float:left;text-align:center;line-height:1;font-size:50px}.elementor-widget-text-editor .elementor-drop-cap-letter{display:inline-block}<\/style>\t\t\t\t<p>El Departamento Comercial e Inform\u00e1tico ha puesto a su disposici\u00f3n una forma sencilla, \u00e1gil y completa para realizar sus pedidos.<\/p>\n<p><span style=\"color: #99ccff;\"><strong>Cat\u00e1logo de productos<\/strong><\/span>: m\u00e1s de 2000 art\u00edculos a su disposici\u00f3n, pudiendo visualizar en cada instante el precio de su pedido, introduciendo la cantidad que desee, el marcaje (si lo hubiere) y la posici\u00f3n de \u00e9ste. Adem\u00e1s tiene la opci\u00f3n de enviar el presupuesto a su e-mail.<\/p>\n<p><span style=\"color: #99ccff;\"><strong>Cesta de compras<\/strong><\/span> : Una vez seleccionado el producto podr\u00e1 crear una solicitud de pedido, adjuntando los archivos de su logo (en caso de ir marcados) de una forma muy sencilla.<\/p>\n<p><span style=\"color: #99ccff;\"><strong>Confirmaci\u00f3n del pedido<\/strong><\/span>: Una vez nos haya enviado la solicitud del pedido, \u00e9ste ser\u00e1 revisado para constatar que no hay ning\u00fan tipo de problema. En caso de existir alguna anomal\u00eda le ser\u00e1 comunicado r\u00e1pidamente para solucionarlo.<\/p>\n<p><span style=\"color: #99ccff;\"><strong>Pagos<\/strong><\/span>: El pago se realizar\u00e1 a la confirmaci\u00f3n del pedido. Se puede realizar a trav\u00e9s de transferencia o pago por tarjeta.<\/p>\n<p><span style=\"color: #99ccff;\"><strong>Garant\u00eda<\/strong><\/span>: Audite Centrum O.E se compromete en cumplir los plazos de entrega, as\u00ed como de la calidad de sus productos y marcaje. Si la mercanc\u00eda llegar\u00e1 el mal estado a su destino, ser\u00e1 reemplazada o abonada a su cuenta. Para ello deber\u00e1 informarnos en un plazo m\u00e1x de 10 d\u00edas. Quedan exentos los art\u00edculos que hayan sido manipulados o tengan un uso indebido por el destinatario.<\/p>\n<p><span style=\"color: #99ccff;\"><strong>Env\u00edos<\/strong><\/span>: Una vez terminado el trabajo ( marcado o impreso) se le enviar\u00e1 un aviso para que sepa que en breve recibir\u00e1 el pedido. Los portes ir\u00e1n pagados si el pedido supera los 120\u20ac. en caso contrario ir\u00e1n a cargo del destinatario. Audite Centrum O.E dispone de un Servicio Express para pedidos urgentes, para informaci\u00f3n al respecto deber\u00e1 contactar con nuestro equipo.<\/p>\n<p><span style=\"color: #99ccff;\"><strong>Gastos de env\u00edo<\/strong><\/span>: Portes por bulto 10\u20ac<\/p>\n<p><span style=\"color: #99ccff;\"><strong>Plazos de entrega<\/strong><\/span>: La fecha depender\u00e1 del art\u00edculo que nos pidan. Si son productos sin marcar de 3 a 10 d\u00edas aproximadamente. Si los productos van marcados la entrega se realizar\u00e1 sobre 15 a 25 d\u00edas.<\/p>\n<p><span style=\"color: #99ccff;\"><strong>Pol\u00edtica de devoluci\u00f3n<\/strong><\/span>:&nbsp;<br>Puedes devolver o cambiar los productos en un <b>plazo de 15 d\u00edas <\/b>desde la fecha en que recibiste tu pedido.<\/p>\n<p><strong>C\u00d3MO DEVOLVER LOS PRODUCTOS<\/strong><\/p>\n<p>Para tramitar la devoluci\u00f3n env\u00edanos un email a auditecentrum@gmail.com o ll\u00e1manos al tel\u00e9fono 610834041 \/\/ 636131513. Te informaremos de c\u00f3mo<br>proceder y enviarnos el material de vuelta, en su embalaje original y en perfecto estado. Los portes ser\u00e1n gratuitos en devoluciones debidas a defectos en el material, donde una vez comprobado el error o defecto, repondremos la mercanc\u00eda lo antes posible y los portes correr\u00e1n a nuestro cargo. El reembolso se realizar\u00e1 por el mismo medio de pago que utilizaste, ya sea tarjeta de cr\u00e9dito o transferencia bancaria.<\/p>\n<p><strong>QU\u00c9 NO SE PUEDE DEVOLVER<\/strong><\/p>\n<ul>\n<li>Los productos personalizados no podr\u00e1n devolverse seg\u00fan la Ley 3\/2014. Si el fallo es nuestro a la hora de personalizarlo, por supuesto que ser\u00e1 posible la devoluci\u00f3n y reposici\u00f3n del producto personalizado.<\/li>\n<li>No se aceptar\u00e1n reclamaciones por paquetes abiertos o extraviados, si no se hace constar la incidencia en el albar\u00e1n de entrega de la agencia de transporte&nbsp;<\/li>\n<li>Quedar\u00e1n excluidos de la garant\u00eda aquellos productos que no tengan su respectivo packaging completo o aquellos rotos por su uso indebido.<\/li>\n<li>Los sets, estuches o kits de regalo no se pueden devolver por separado.1\u00ba<\/li>\n<\/ul>\t\t\t\t\t\t<\/div>\n\t\t\t\t<\/div>\n\t\t\t\t\t<\/div>\n\t\t<\/div>\n\t\t\t\t\t\t\t<\/div>\n\t\t<\/section>\n\t\t\t\t\t\t\t<\/div>\n\t\t","protected":false},"excerpt":{"rendered":"<p>El Departamento Comercial e Inform\u00e1tico ha puesto a su disposici\u00f3n una forma sencilla, \u00e1gil y completa para realizar sus pedidos. Cat\u00e1logo de productos: m\u00e1s de 2000 art\u00edculos a su disposici\u00f3n, pudiendo visualizar en cada instante el precio de su pedido, introduciendo la cantidad que desee, el marcaje (si lo hubiere) y la posici\u00f3n de \u00e9ste. [&hellip;]<\/p>\n","protected":false},"author":1,"featured_media":0,"parent":0,"menu_order":0,"comment_status":"closed","ping_status":"closed","template":"","meta":{"footnotes":""},"class_list":["post-16300","page","type-page","status-publish","hentry"],"_links":{"self":[{"href":"https:\/\/opticayaudicion.com\/index.php\/wp-json\/wp\/v2\/pages\/16300","targetHints":{"allow":["GET"]}}],"collection":[{"href":"https:\/\/opticayaudicion.com\/index.php\/wp-json\/wp\/v2\/pages"}],"about":[{"href":"https:\/\/opticayaudicion.com\/index.php\/wp-json\/wp\/v2\/types\/page"}],"author":[{"embeddable":true,"href":"https:\/\/opticayaudicion.com\/index.php\/wp-json\/wp\/v2\/users\/1"}],"replies":[{"embeddable":true,"href":"https:\/\/opticayaudicion.com\/index.php\/wp-json\/wp\/v2\/comments?post=16300"}],"version-history":[{"count":15,"href":"https:\/\/opticayaudicion.com\/index.php\/wp-json\/wp\/v2\/pages\/16300\/revisions"}],"predecessor-version":[{"id":16713,"href":"https:\/\/opticayaudicion.com\/index.php\/wp-json\/wp\/v2\/pages\/16300\/revisions\/16713"}],"wp:attachment":[{"href":"https:\/\/opticayaudicion.com\/index.php\/wp-json\/wp\/v2\/media?parent=16300"}],"curies":[{"name":"wp","href":"https:\/\/api.w.org\/{rel}","templated":true}]}}