{"id":16474,"date":"2023-01-20T11:03:55","date_gmt":"2023-01-20T11:03:55","guid":{"rendered":"https:\/\/opticayaudicion.com\/?post_type=product&#038;p=16474"},"modified":"2023-04-03T09:00:18","modified_gmt":"2023-04-03T09:00:18","slug":"lentes-de-contacto-halloween-diario-para-1-dia","status":"publish","type":"product","link":"https:\/\/opticayaudicion.com\/index.php\/producto\/lentes-de-contacto-halloween-diario-para-1-dia\/","title":{"rendered":"LENTES DE CONTACTO  HALLOWEEN (DIARIO, para 1 d\u00eda) LC002"},"content":{"rendered":"","protected":false},"excerpt":{"rendered":"<p>LENTES DE CONTACTO\u00a0 HALLOWEEN (DIARIO, para 1 d\u00eda)<\/p>\n<p>MARCA: CLEARLAB<\/p>\n<p>MODELO LC002<\/p>\n<p>TAMA\u00d1O:\u00a0 BC 8.6, DIA. 14.2<\/p>\n<p>MATERIAL: HIDROGEL<\/p>\n<p>DESCRIPCI\u00d3N: Lentes de contacto reemplazo 1 d\u00eda, color, sin graduaci\u00f3n de Hidrogel,<\/p>\n<p>COLORES : \u00a0Azul vampiro, Amarillo, Negro<\/p>\n<p>PRECIO: 20\u20ac. Recogida en la tienda 15\u20ac<\/p>\n","protected":false},"featured_media":16478,"template":"","meta":[],"product_cat":[160,103],"product_tag":[163,165,164],"class_list":["post-16474","product","type-product","status-publish","has-post-thumbnail","hentry","product_cat-lentes-de-color","product_cat-lentes-de-contacto","product_tag-lentes-de-contacto-color","product_tag-lentes-para-carnavales","product_tag-lentes-para-halloween"],"_links":{"self":[{"href":"https:\/\/opticayaudicion.com\/index.php\/wp-json\/wp\/v2\/product\/16474","targetHints":{"allow":["GET"]}}],"collection":[{"href":"https:\/\/opticayaudicion.com\/index.php\/wp-json\/wp\/v2\/product"}],"about":[{"href":"https:\/\/opticayaudicion.com\/index.php\/wp-json\/wp\/v2\/types\/product"}],"wp:featuredmedia":[{"embeddable":true,"href":"https:\/\/opticayaudicion.com\/index.php\/wp-json\/wp\/v2\/media\/16478"}],"wp:attachment":[{"href":"https:\/\/opticayaudicion.com\/index.php\/wp-json\/wp\/v2\/media?parent=16474"}],"wp:term":[{"taxonomy":"product_cat","embeddable":true,"href":"https:\/\/opticayaudicion.com\/index.php\/wp-json\/wp\/v2\/product_cat?post=16474"},{"taxonomy":"product_tag","embeddable":true,"href":"https:\/\/opticayaudicion.com\/index.php\/wp-json\/wp\/v2\/product_tag?post=16474"}],"curies":[{"name":"wp","href":"https:\/\/api.w.org\/{rel}","templated":true}]}}